{"id":77,"date":"2021-04-07T10:40:22","date_gmt":"2021-04-07T10:40:22","guid":{"rendered":"https:\/\/imelh.lv\/?page_id=77"},"modified":"2021-04-29T10:28:58","modified_gmt":"2021-04-29T10:28:58","slug":"musu-stasts","status":"publish","type":"page","link":"https:\/\/imelh.lv\/en\/musu-stasts\/","title":{"rendered":"About us"},"content":{"rendered":"<div class=\"wp-container-2 wp-block-group\"><div class=\"wp-block-group__inner-container\">\n<div class=\"wp-container-1 wp-block-group\"><div class=\"wp-block-group__inner-container\">\n<p class=\"has-text-color has-text-align-center has-very-dark-gray-color\">IMELH is a family-owned business whose main values are nature, excellent quality and design. We have been working closely with individuals and businesses, designers and architects for more than 10 years now.<\/p>\n<\/div><\/div>\n<\/div><\/div>\n\n\n\n<p class=\"has-text-color has-text-align-center has-very-dark-gray-color\">We aim to create furniture that can serve for decades, and tell a unique story. We do not offer standard solutions at the moment; all of our pieces are custom made. <\/p>\n\n\n\n<p class=\"has-text-color has-text-align-center has-very-dark-gray-color\">We strive to be closer to nature by supporting sustainable manufacturing practices and mindful use of nature's resources. <\/p>\n\n\n\n<p class=\"has-text-color has-text-align-center has-very-dark-gray-color\">Every piece of furniture, interior solution and element is 100% handmade by our skillful team. Our workshop is located just outside Jelgava - less than an hour's drive from Riga. <\/p>\n\n\n\n<p class=\"has-text-color has-text-align-center has-very-dark-gray-color\">Our team has the knowledge, skills and experience to fulfill even the most daring and creative ideas. <\/p>\n\n\n\n<div class=\"wp-container-3 wp-block-group\"><div class=\"wp-block-group__inner-container\">\n<p><\/p>\n<\/div><\/div>","protected":false},"excerpt":{"rendered":"<p>IMELH ir \u0123imenes uz\u0146\u0113mums, kura pamatv\u0113rt\u012bbas ir daba, kvalit\u0101te un dizains. Jau vair\u0101k nek\u0101 desmit gadus veiksm\u012bgi sadarbojamies ar priv\u0101tperson\u0101m, juridisk\u0101m person\u0101m, dizaineriem un arhitektiem. M\u016bsu m\u0113r\u0137is ir rad\u012bt m\u0113beles ar unik\u0101lu st\u0101stu, kuras izcili kalpo gadu desmitiem. M\u0113s nepied\u0101v\u0101jam standarta risin\u0101jumus; visi m\u016bsu izgatavotie produkti ir individu\u0101li pas\u016bt\u012bjumi. Sav\u0101 ra\u017eo\u0161anas proces\u0101 m\u0113s izv\u0113lamies b\u016bt<\/p>\n<div><a class=\"btn-filled btn\" href=\"https:\/\/imelh.lv\/en\/musu-stasts\/\" title=\"About us\">Read More<\/a><\/div>","protected":false},"author":2,"featured_media":0,"parent":0,"menu_order":0,"comment_status":"closed","ping_status":"closed","template":"","meta":[],"_links":{"self":[{"href":"https:\/\/imelh.lv\/en\/wp-json\/wp\/v2\/pages\/77"}],"collection":[{"href":"https:\/\/imelh.lv\/en\/wp-json\/wp\/v2\/pages"}],"about":[{"href":"https:\/\/imelh.lv\/en\/wp-json\/wp\/v2\/types\/page"}],"author":[{"embeddable":true,"href":"https:\/\/imelh.lv\/en\/wp-json\/wp\/v2\/users\/2"}],"replies":[{"embeddable":true,"href":"https:\/\/imelh.lv\/en\/wp-json\/wp\/v2\/comments?post=77"}],"version-history":[{"count":11,"href":"https:\/\/imelh.lv\/en\/wp-json\/wp\/v2\/pages\/77\/revisions"}],"predecessor-version":[{"id":482,"href":"https:\/\/imelh.lv\/en\/wp-json\/wp\/v2\/pages\/77\/revisions\/482"}],"wp:attachment":[{"href":"https:\/\/imelh.lv\/en\/wp-json\/wp\/v2\/media?parent=77"}],"curies":[{"name":"wp","href":"https:\/\/api.w.org\/{rel}","templated":true}]}}