{"id":431,"date":"2021-09-20T14:56:43","date_gmt":"2021-09-20T14:56:43","guid":{"rendered":"https:\/\/imelh.lv\/?page_id=431"},"modified":"2022-02-20T18:24:26","modified_gmt":"2022-02-20T18:24:26","slug":"privati-objekti","status":"publish","type":"page","link":"https:\/\/imelh.lv\/en\/privati-objekti\/","title":{"rendered":"For private customers"},"content":{"rendered":"<p><a href=\"http:\/\/[everest_gallery alias=&quot;privatas_telpas&quot;]\"><style type=\"text\/css\">\r\n\t#foogallery-gallery-619 .fg-image {\r\n        width: 350px;\r\n    }\r\n<\/style>\r\n\t\t\t\t<style type=\"text\/css\">\r\n\t#foogallery-gallery-619 .fg-image {\r\n        width: 350px;\r\n    }\r\n<\/style>\r\n\t\t\t\t<div class=\"foogallery foogallery-container foogallery-default foogallery-lightbox-foobox fg-gutter-15 fg-center fg-m-col2 fg-default fg-light fg-round-small fg-shadow-outline fg-shadow-inset-small fg-loading-trail fg-loaded-fade-in fg-caption-hover fg-hover-fade fg-hover-eye fg-ready\" id=\"foogallery-gallery-619\" data-foogallery=\"{&quot;item&quot;:{&quot;showCaptionTitle&quot;:true,&quot;showCaptionDescription&quot;:true},&quot;lazy&quot;:true}\" data-fg-common-fields=\"1\" >\r\n\t<div class=\"fg-item fg-type-image fg-idle\"><figure class=\"fg-item-inner\"><a href=\"https:\/\/imelh.lv\/wp-content\/uploads\/2022\/02\/IMG_9306.jpg\" data-caption-desc=\"Virtuve R\u012bgas dz\u012bvokl\u012b\" data-attachment-id=\"906\" class=\"fg-thumb\"><span class=\"fg-image-wrap\"><img alt=\"Virtuve R\u012bgas dz\u012bvokl\u012b\" width=\"350\" height=\"350\" class=\"skip-lazy fg-image\" data-src-fg=\"https:\/\/imelh.lv\/wp-content\/uploads\/cache\/2022\/02\/IMG_9306\/67786253.jpg\" src=\"data:image\/svg+xml,%3Csvg%20xmlns%3D%22http%3A%2F%2Fwww.w3.org%2F2000%2Fsvg%22%20width%3D%22350%22%20height%3D%22350%22%20viewBox%3D%220%200%20350%20350%22%3E%3C%2Fsvg%3E\"><\/span><span class=\"fg-image-overlay\"><\/span><\/a><figcaption class=\"fg-caption\"><div class=\"fg-caption-inner\"><div class=\"fg-caption-desc\">Virtuve R\u012bgas dz\u012bvokl\u012b<\/div><\/div><\/figcaption><\/figure><div class=\"fg-loader\"><\/div><\/div><div class=\"fg-item fg-type-image fg-idle\"><figure class=\"fg-item-inner\"><a href=\"https:\/\/imelh.lv\/wp-content\/uploads\/2022\/02\/IMG_9302.jpg\" data-caption-desc=\"Virtuve R\u012bgas dz\u012bvokl\u012b\" data-attachment-id=\"904\" class=\"fg-thumb\"><span class=\"fg-image-wrap\"><img alt=\"Virtuve R\u012bgas dz\u012bvokl\u012b\" width=\"350\" height=\"350\" class=\"skip-lazy fg-image\" data-src-fg=\"https:\/\/imelh.lv\/wp-content\/uploads\/cache\/2022\/02\/IMG_9302\/2873111813.jpg\" src=\"data:image\/svg+xml,%3Csvg%20xmlns%3D%22http%3A%2F%2Fwww.w3.org%2F2000%2Fsvg%22%20width%3D%22350%22%20height%3D%22350%22%20viewBox%3D%220%200%20350%20350%22%3E%3C%2Fsvg%3E\"><\/span><span class=\"fg-image-overlay\"><\/span><\/a><figcaption class=\"fg-caption\"><div class=\"fg-caption-inner\"><div class=\"fg-caption-desc\">Virtuve R\u012bgas dz\u012bvokl\u012b<\/div><\/div><\/figcaption><\/figure><div class=\"fg-loader\"><\/div><\/div><div class=\"fg-item fg-type-image fg-idle\"><figure class=\"fg-item-inner\"><a href=\"https:\/\/imelh.lv\/wp-content\/uploads\/2022\/02\/IMG_9304.jpg\" data-caption-desc=\"Virtuve R\u012bgas dz\u012bvokl\u012b\" data-attachment-id=\"905\" class=\"fg-thumb\"><span class=\"fg-image-wrap\"><img alt=\"Virtuve R\u012bgas dz\u012bvokl\u012b\" width=\"350\" height=\"350\" class=\"skip-lazy fg-image\" data-src-fg=\"https:\/\/imelh.lv\/wp-content\/uploads\/cache\/2022\/02\/IMG_9304\/2024737403.jpg\" src=\"data:image\/svg+xml,%3Csvg%20xmlns%3D%22http%3A%2F%2Fwww.w3.org%2F2000%2Fsvg%22%20width%3D%22350%22%20height%3D%22350%22%20viewBox%3D%220%200%20350%20350%22%3E%3C%2Fsvg%3E\"><\/span><span class=\"fg-image-overlay\"><\/span><\/a><figcaption class=\"fg-caption\"><div class=\"fg-caption-inner\"><div class=\"fg-caption-desc\">Virtuve R\u012bgas dz\u012bvokl\u012b<\/div><\/div><\/figcaption><\/figure><div class=\"fg-loader\"><\/div><\/div><div class=\"fg-item fg-type-image fg-idle\"><figure class=\"fg-item-inner\"><a href=\"https:\/\/imelh.lv\/wp-content\/uploads\/2022\/02\/IMG_9285.jpg\" data-caption-desc=\"Virtuve R\u012bgas dz\u012bvokl\u012b\" data-attachment-id=\"903\" class=\"fg-thumb\"><span class=\"fg-image-wrap\"><img alt=\"Virtuve R\u012bgas dz\u012bvokl\u012b\" width=\"350\" height=\"350\" class=\"skip-lazy fg-image\" data-src-fg=\"https:\/\/imelh.lv\/wp-content\/uploads\/cache\/2022\/02\/IMG_9285\/2636084693.jpg\" src=\"data:image\/svg+xml,%3Csvg%20xmlns%3D%22http%3A%2F%2Fwww.w3.org%2F2000%2Fsvg%22%20width%3D%22350%22%20height%3D%22350%22%20viewBox%3D%220%200%20350%20350%22%3E%3C%2Fsvg%3E\"><\/span><span class=\"fg-image-overlay\"><\/span><\/a><figcaption class=\"fg-caption\"><div class=\"fg-caption-inner\"><div class=\"fg-caption-desc\">Virtuve R\u012bgas dz\u012bvokl\u012b<\/div><\/div><\/figcaption><\/figure><div class=\"fg-loader\"><\/div><\/div><div class=\"fg-item fg-type-image fg-idle\"><figure class=\"fg-item-inner\"><a href=\"https:\/\/imelh.lv\/wp-content\/uploads\/2022\/02\/IMG_9278.jpg\" data-caption-desc=\"Virtuve R\u012bgas dz\u012bvokl\u012b\" data-attachment-id=\"901\" class=\"fg-thumb\"><span class=\"fg-image-wrap\"><img alt=\"Virtuve R\u012bgas dz\u012bvokl\u012b\" width=\"350\" height=\"350\" class=\"skip-lazy fg-image\" data-src-fg=\"https:\/\/imelh.lv\/wp-content\/uploads\/cache\/2022\/02\/IMG_9278\/4070818343.jpg\" src=\"data:image\/svg+xml,%3Csvg%20xmlns%3D%22http%3A%2F%2Fwww.w3.org%2F2000%2Fsvg%22%20width%3D%22350%22%20height%3D%22350%22%20viewBox%3D%220%200%20350%20350%22%3E%3C%2Fsvg%3E\"><\/span><span class=\"fg-image-overlay\"><\/span><\/a><figcaption class=\"fg-caption\"><div class=\"fg-caption-inner\"><div class=\"fg-caption-desc\">Virtuve R\u012bgas dz\u012bvokl\u012b<\/div><\/div><\/figcaption><\/figure><div class=\"fg-loader\"><\/div><\/div><div class=\"fg-item fg-type-image fg-idle\"><figure class=\"fg-item-inner\"><a href=\"https:\/\/imelh.lv\/wp-content\/uploads\/2021\/09\/termasuites6.jpg\" data-caption-title=\"Apartamenti J\u016brmal\u0101\" data-caption-desc=\"Virtuves iek\u0101rta un m\u0113beles apartamentos J\u016brmal\u0101\" data-attachment-id=\"417\" class=\"fg-thumb\"><span class=\"fg-image-wrap\"><img alt=\"Apartamenti J\u016brmal\u0101\" title=\"Apartments in Jurmala city\" width=\"350\" height=\"350\" class=\"skip-lazy fg-image\" data-src-fg=\"https:\/\/imelh.lv\/wp-content\/uploads\/cache\/2021\/09\/termasuites6\/2627630168.jpg\" src=\"data:image\/svg+xml,%3Csvg%20xmlns%3D%22http%3A%2F%2Fwww.w3.org%2F2000%2Fsvg%22%20width%3D%22350%22%20height%3D%22350%22%20viewBox%3D%220%200%20350%20350%22%3E%3C%2Fsvg%3E\"><\/span><span class=\"fg-image-overlay\"><\/span><\/a><figcaption class=\"fg-caption\"><div class=\"fg-caption-inner\"><div class=\"fg-caption-title\">Apartments in Jurmala city<\/div><div class=\"fg-caption-desc\">Virtuves iek\u0101rta un m\u0113beles apartamentos J\u016brmal\u0101<\/div><\/div><\/figcaption><\/figure><div class=\"fg-loader\"><\/div><\/div><div class=\"fg-item fg-type-image fg-idle\"><figure class=\"fg-item-inner\"><a href=\"https:\/\/imelh.lv\/wp-content\/uploads\/2021\/09\/termasuites5.jpg\" data-caption-title=\"Apartamenti J\u016brmal\u0101\" data-caption-desc=\"Virtuves iek\u0101rta un m\u0113beles apartamentos J\u016brmal\u0101\" data-attachment-id=\"416\" class=\"fg-thumb\"><span class=\"fg-image-wrap\"><img alt=\"Apartamenti J\u016brmal\u0101\" title=\"Apartments in Jurmala city\" width=\"350\" height=\"350\" class=\"skip-lazy fg-image\" data-src-fg=\"https:\/\/imelh.lv\/wp-content\/uploads\/cache\/2021\/09\/termasuites5\/2680672020.jpg\" src=\"data:image\/svg+xml,%3Csvg%20xmlns%3D%22http%3A%2F%2Fwww.w3.org%2F2000%2Fsvg%22%20width%3D%22350%22%20height%3D%22350%22%20viewBox%3D%220%200%20350%20350%22%3E%3C%2Fsvg%3E\"><\/span><span class=\"fg-image-overlay\"><\/span><\/a><figcaption class=\"fg-caption\"><div class=\"fg-caption-inner\"><div class=\"fg-caption-title\">Apartments in Jurmala city<\/div><div class=\"fg-caption-desc\">Virtuves iek\u0101rta un m\u0113beles apartamentos J\u016brmal\u0101<\/div><\/div><\/figcaption><\/figure><div class=\"fg-loader\"><\/div><\/div><div class=\"fg-item fg-type-image fg-idle\"><figure class=\"fg-item-inner\"><a href=\"https:\/\/imelh.lv\/wp-content\/uploads\/2021\/09\/termasuites4.jpg\" data-caption-title=\"Apartamenti J\u016brmal\u0101\" data-caption-desc=\"Virtuves iek\u0101rta un m\u0113beles apartamentos J\u016brmal\u0101\" data-attachment-id=\"415\" class=\"fg-thumb\"><span class=\"fg-image-wrap\"><img alt=\"Apartamenti J\u016brmal\u0101\" title=\"Apartments in Jurmala city\" width=\"350\" height=\"350\" class=\"skip-lazy fg-image\" data-src-fg=\"https:\/\/imelh.lv\/wp-content\/uploads\/cache\/2021\/09\/termasuites4\/510069818.jpg\" src=\"data:image\/svg+xml,%3Csvg%20xmlns%3D%22http%3A%2F%2Fwww.w3.org%2F2000%2Fsvg%22%20width%3D%22350%22%20height%3D%22350%22%20viewBox%3D%220%200%20350%20350%22%3E%3C%2Fsvg%3E\"><\/span><span class=\"fg-image-overlay\"><\/span><\/a><figcaption class=\"fg-caption\"><div class=\"fg-caption-inner\"><div class=\"fg-caption-title\">Apartments in Jurmala city<\/div><div class=\"fg-caption-desc\">Virtuves iek\u0101rta un m\u0113beles apartamentos J\u016brmal\u0101<\/div><\/div><\/figcaption><\/figure><div class=\"fg-loader\"><\/div><\/div><div class=\"fg-item fg-type-image fg-idle\"><figure class=\"fg-item-inner\"><a href=\"https:\/\/imelh.lv\/wp-content\/uploads\/2021\/09\/termasuites3.jpg\" data-caption-title=\"Apartamenti J\u016brmal\u0101\" data-caption-desc=\"Virtuves iek\u0101rta un m\u0113beles apartamentos J\u016brmal\u0101\" data-attachment-id=\"414\" class=\"fg-thumb\"><span class=\"fg-image-wrap\"><img alt=\"Apartamenti J\u016brmal\u0101\" title=\"Apartments in Jurmala city\" width=\"350\" height=\"350\" class=\"skip-lazy fg-image\" data-src-fg=\"https:\/\/imelh.lv\/wp-content\/uploads\/cache\/2021\/09\/termasuites3\/2574563724.jpg\" src=\"data:image\/svg+xml,%3Csvg%20xmlns%3D%22http%3A%2F%2Fwww.w3.org%2F2000%2Fsvg%22%20width%3D%22350%22%20height%3D%22350%22%20viewBox%3D%220%200%20350%20350%22%3E%3C%2Fsvg%3E\"><\/span><span class=\"fg-image-overlay\"><\/span><\/a><figcaption class=\"fg-caption\"><div class=\"fg-caption-inner\"><div class=\"fg-caption-title\">Apartments in Jurmala city<\/div><div class=\"fg-caption-desc\">Virtuves iek\u0101rta un m\u0113beles apartamentos J\u016brmal\u0101<\/div><\/div><\/figcaption><\/figure><div class=\"fg-loader\"><\/div><\/div><div class=\"fg-item fg-type-image fg-idle\"><figure class=\"fg-item-inner\"><a href=\"https:\/\/imelh.lv\/wp-content\/uploads\/2021\/09\/termasuites2.jpg\" data-caption-title=\"Apartamenti J\u016brmal\u0101\" data-caption-desc=\"Virtuves iek\u0101rta un m\u0113beles apartamentos J\u016brmal\u0101\" data-attachment-id=\"413\" class=\"fg-thumb\"><span class=\"fg-image-wrap\"><img alt=\"Apartamenti J\u016brmal\u0101\" title=\"Apartments in Jurmala city\" width=\"350\" height=\"350\" class=\"skip-lazy fg-image\" data-src-fg=\"https:\/\/imelh.lv\/wp-content\/uploads\/cache\/2021\/09\/termasuites2\/1109230301.jpg\" src=\"data:image\/svg+xml,%3Csvg%20xmlns%3D%22http%3A%2F%2Fwww.w3.org%2F2000%2Fsvg%22%20width%3D%22350%22%20height%3D%22350%22%20viewBox%3D%220%200%20350%20350%22%3E%3C%2Fsvg%3E\"><\/span><span class=\"fg-image-overlay\"><\/span><\/a><figcaption class=\"fg-caption\"><div class=\"fg-caption-inner\"><div class=\"fg-caption-title\">Apartments in Jurmala city<\/div><div class=\"fg-caption-desc\">Virtuves iek\u0101rta un m\u0113beles apartamentos J\u016brmal\u0101<\/div><\/div><\/figcaption><\/figure><div class=\"fg-loader\"><\/div><\/div><div class=\"fg-item fg-type-image fg-idle\"><figure class=\"fg-item-inner\"><a href=\"https:\/\/imelh.lv\/wp-content\/uploads\/2021\/09\/termasuites1.jpg\" data-caption-title=\"Apartamenti J\u016brmal\u0101\" data-caption-desc=\"Virtuves iek\u0101rta un m\u0113beles apartamentos J\u016brmal\u0101\" data-attachment-id=\"412\" class=\"fg-thumb\"><span class=\"fg-image-wrap\"><img alt=\"Apartamenti J\u016brmal\u0101\" title=\"Apartments in Jurmala city\" width=\"350\" height=\"350\" class=\"skip-lazy fg-image\" data-src-fg=\"https:\/\/imelh.lv\/wp-content\/uploads\/cache\/2021\/09\/termasuites1\/1094990225.jpg\" src=\"data:image\/svg+xml,%3Csvg%20xmlns%3D%22http%3A%2F%2Fwww.w3.org%2F2000%2Fsvg%22%20width%3D%22350%22%20height%3D%22350%22%20viewBox%3D%220%200%20350%20350%22%3E%3C%2Fsvg%3E\"><\/span><span class=\"fg-image-overlay\"><\/span><\/a><figcaption class=\"fg-caption\"><div class=\"fg-caption-inner\"><div class=\"fg-caption-title\">Apartments in Jurmala city<\/div><div class=\"fg-caption-desc\">Virtuves iek\u0101rta un m\u0113beles apartamentos J\u016brmal\u0101<\/div><\/div><\/figcaption><\/figure><div class=\"fg-loader\"><\/div><\/div><div class=\"fg-item fg-type-image fg-idle\"><figure class=\"fg-item-inner\"><a href=\"https:\/\/imelh.lv\/wp-content\/uploads\/2022\/02\/a28075e0-d181-4597-b7f7-dbad71e28f09.jpg\" data-caption-desc=\"Ozolkoka galds un b\u012bd\u0101mas istabas durvis\" data-attachment-id=\"898\" class=\"fg-thumb\"><span class=\"fg-image-wrap\"><img alt=\"Ozolkoka galds un b\u012bd\u0101mas istabas durvis\" width=\"350\" height=\"350\" class=\"skip-lazy fg-image\" data-src-fg=\"https:\/\/imelh.lv\/wp-content\/uploads\/cache\/2022\/02\/a28075e0-d181-4597-b7f7-dbad71e28f09\/4224520812.jpg\" src=\"data:image\/svg+xml,%3Csvg%20xmlns%3D%22http%3A%2F%2Fwww.w3.org%2F2000%2Fsvg%22%20width%3D%22350%22%20height%3D%22350%22%20viewBox%3D%220%200%20350%20350%22%3E%3C%2Fsvg%3E\"><\/span><span class=\"fg-image-overlay\"><\/span><\/a><figcaption class=\"fg-caption\"><div class=\"fg-caption-inner\"><div class=\"fg-caption-desc\">Ozolkoka galds un b\u012bd\u0101mas istabas durvis<\/div><\/div><\/figcaption><\/figure><div class=\"fg-loader\"><\/div><\/div><div class=\"fg-item fg-type-image fg-idle\"><figure class=\"fg-item-inner\"><a href=\"https:\/\/imelh.lv\/wp-content\/uploads\/2022\/02\/5a41aa13-d33e-4e63-985e-9d7113130da4.jpg\" data-caption-desc=\"Vannasistabas durvis\" data-attachment-id=\"895\" class=\"fg-thumb\"><span class=\"fg-image-wrap\"><img alt=\"Vannasistabas durvis\" width=\"350\" height=\"350\" class=\"skip-lazy fg-image\" data-src-fg=\"https:\/\/imelh.lv\/wp-content\/uploads\/cache\/2022\/02\/5a41aa13-d33e-4e63-985e-9d7113130da4\/3863764162.jpg\" src=\"data:image\/svg+xml,%3Csvg%20xmlns%3D%22http%3A%2F%2Fwww.w3.org%2F2000%2Fsvg%22%20width%3D%22350%22%20height%3D%22350%22%20viewBox%3D%220%200%20350%20350%22%3E%3C%2Fsvg%3E\"><\/span><span class=\"fg-image-overlay\"><\/span><\/a><figcaption class=\"fg-caption\"><div class=\"fg-caption-inner\"><div class=\"fg-caption-desc\">Vannasistabas durvis<\/div><\/div><\/figcaption><\/figure><div class=\"fg-loader\"><\/div><\/div><div class=\"fg-item fg-type-image fg-idle\"><figure class=\"fg-item-inner\"><a href=\"https:\/\/imelh.lv\/wp-content\/uploads\/2021\/09\/DSC05989-min-scaled.jpg\" data-caption-title=\"Dz\u012bvoklis Ku\u0123u iel\u0101\" data-caption-desc=\"Dz\u012bvoklis Ku\u0123u iel\u0101\" data-attachment-id=\"427\" class=\"fg-thumb\"><span class=\"fg-image-wrap\"><img alt=\"Dz\u012bvoklis Ku\u0123u iel\u0101\" title=\"An apartment in Riga\" width=\"350\" height=\"350\" class=\"skip-lazy fg-image\" data-src-fg=\"https:\/\/imelh.lv\/wp-content\/uploads\/cache\/2021\/09\/DSC05989-min-scaled\/842338962.jpg\" src=\"data:image\/svg+xml,%3Csvg%20xmlns%3D%22http%3A%2F%2Fwww.w3.org%2F2000%2Fsvg%22%20width%3D%22350%22%20height%3D%22350%22%20viewBox%3D%220%200%20350%20350%22%3E%3C%2Fsvg%3E\"><\/span><span class=\"fg-image-overlay\"><\/span><\/a><figcaption class=\"fg-caption\"><div class=\"fg-caption-inner\"><div class=\"fg-caption-title\">An apartment in Riga<\/div><div class=\"fg-caption-desc\">An apartment in Riga<\/div><\/div><\/figcaption><\/figure><div class=\"fg-loader\"><\/div><\/div><div class=\"fg-item fg-type-image fg-idle\"><figure class=\"fg-item-inner\"><a href=\"https:\/\/imelh.lv\/wp-content\/uploads\/2021\/09\/DSC05963-min-scaled.jpg\" data-caption-title=\"Dz\u012bvoklis Ku\u0123u iel\u0101\" data-caption-desc=\"Dz\u012bvoklis Ku\u0123u iel\u0101\" data-attachment-id=\"428\" class=\"fg-thumb\"><span class=\"fg-image-wrap\"><img alt=\"Dz\u012bvoklis Ku\u0123u iel\u0101\" title=\"An apartment in Riga\" width=\"350\" height=\"350\" class=\"skip-lazy fg-image\" data-src-fg=\"https:\/\/imelh.lv\/wp-content\/uploads\/cache\/2021\/09\/DSC05963-min-scaled\/4237433941.jpg\" src=\"data:image\/svg+xml,%3Csvg%20xmlns%3D%22http%3A%2F%2Fwww.w3.org%2F2000%2Fsvg%22%20width%3D%22350%22%20height%3D%22350%22%20viewBox%3D%220%200%20350%20350%22%3E%3C%2Fsvg%3E\"><\/span><span class=\"fg-image-overlay\"><\/span><\/a><figcaption class=\"fg-caption\"><div class=\"fg-caption-inner\"><div class=\"fg-caption-title\">An apartment in Riga<\/div><div class=\"fg-caption-desc\">An apartment in Riga<\/div><\/div><\/figcaption><\/figure><div class=\"fg-loader\"><\/div><\/div><div class=\"fg-item fg-type-image fg-idle\"><figure class=\"fg-item-inner\"><a href=\"https:\/\/imelh.lv\/wp-content\/uploads\/2021\/09\/DSC05945-min-scaled.jpg\" data-caption-title=\"Dz\u012bvoklis Ku\u0123u iel\u0101\" data-caption-desc=\"Dz\u012bvoklis Ku\u0123u iel\u0101\" data-attachment-id=\"429\" class=\"fg-thumb\"><span class=\"fg-image-wrap\"><img alt=\"Dz\u012bvoklis Ku\u0123u iel\u0101\" title=\"An apartment in Riga\" width=\"350\" height=\"350\" class=\"skip-lazy fg-image\" data-src-fg=\"https:\/\/imelh.lv\/wp-content\/uploads\/cache\/2021\/09\/DSC05945-min-scaled\/1861088604.jpg\" src=\"data:image\/svg+xml,%3Csvg%20xmlns%3D%22http%3A%2F%2Fwww.w3.org%2F2000%2Fsvg%22%20width%3D%22350%22%20height%3D%22350%22%20viewBox%3D%220%200%20350%20350%22%3E%3C%2Fsvg%3E\"><\/span><span class=\"fg-image-overlay\"><\/span><\/a><figcaption class=\"fg-caption\"><div class=\"fg-caption-inner\"><div class=\"fg-caption-title\">An apartment in Riga<\/div><div class=\"fg-caption-desc\">An apartment in Riga<\/div><\/div><\/figcaption><\/figure><div class=\"fg-loader\"><\/div><\/div><div class=\"fg-item fg-type-image fg-idle\"><figure class=\"fg-item-inner\"><a href=\"https:\/\/imelh.lv\/wp-content\/uploads\/2021\/09\/IMG_20210823_215207-min-scaled.jpg\" data-caption-title=\"Mas\u012bva ozola un met\u0101la k\u0101p\u0146u konstrukcija\" data-caption-desc=\"Mas\u012bva ozola pak\u0101pieni un kr\u0101sota met\u0101la k\u0101p\u0146u konstrukcija\" data-attachment-id=\"437\" class=\"fg-thumb\"><span class=\"fg-image-wrap\"><img alt=\"Mas\u012bva ozola un met\u0101la k\u0101p\u0146u konstrukcija\" title=\"Mas\u012bva ozola un met\u0101la k\u0101p\u0146u konstrukcija\" width=\"350\" height=\"350\" class=\"skip-lazy fg-image\" data-src-fg=\"https:\/\/imelh.lv\/wp-content\/uploads\/cache\/2021\/09\/IMG_20210823_215207-min-scaled\/1968432675.jpg\" src=\"data:image\/svg+xml,%3Csvg%20xmlns%3D%22http%3A%2F%2Fwww.w3.org%2F2000%2Fsvg%22%20width%3D%22350%22%20height%3D%22350%22%20viewBox%3D%220%200%20350%20350%22%3E%3C%2Fsvg%3E\"><\/span><span class=\"fg-image-overlay\"><\/span><\/a><figcaption class=\"fg-caption\"><div class=\"fg-caption-inner\"><div class=\"fg-caption-title\">Mas\u012bva ozola un met\u0101la k\u0101p\u0146u konstrukcija<\/div><div class=\"fg-caption-desc\">Massive oak steps and powder coated metal construction<\/div><\/div><\/figcaption><\/figure><div class=\"fg-loader\"><\/div><\/div><div class=\"fg-item fg-type-image fg-idle\"><figure class=\"fg-item-inner\"><a href=\"https:\/\/imelh.lv\/wp-content\/uploads\/2021\/09\/IMG_20210823_215334-min-scaled.jpg\" data-caption-title=\"Mas\u012bva ozola un met\u0101la k\u0101p\u0146u konstrukcija\" data-caption-desc=\"Mas\u012bva ozola pak\u0101pieni un kr\u0101sota met\u0101la k\u0101p\u0146u konstrukcija\" data-attachment-id=\"438\" class=\"fg-thumb\"><span class=\"fg-image-wrap\"><img alt=\"Mas\u012bva ozola un met\u0101la k\u0101p\u0146u konstrukcija\" title=\"Mas\u012bva ozola un met\u0101la k\u0101p\u0146u konstrukcija\" width=\"350\" height=\"350\" class=\"skip-lazy fg-image\" data-src-fg=\"https:\/\/imelh.lv\/wp-content\/uploads\/cache\/2021\/09\/IMG_20210823_215334-min-scaled\/2384261569.jpg\" src=\"data:image\/svg+xml,%3Csvg%20xmlns%3D%22http%3A%2F%2Fwww.w3.org%2F2000%2Fsvg%22%20width%3D%22350%22%20height%3D%22350%22%20viewBox%3D%220%200%20350%20350%22%3E%3C%2Fsvg%3E\"><\/span><span class=\"fg-image-overlay\"><\/span><\/a><figcaption class=\"fg-caption\"><div class=\"fg-caption-inner\"><div class=\"fg-caption-title\">Mas\u012bva ozola un met\u0101la k\u0101p\u0146u konstrukcija<\/div><div class=\"fg-caption-desc\">Massive oak steps and powder coated metal construction<\/div><\/div><\/figcaption><\/figure><div class=\"fg-loader\"><\/div><\/div><div class=\"fg-item fg-type-image fg-idle\"><figure class=\"fg-item-inner\"><a href=\"https:\/\/imelh.lv\/wp-content\/uploads\/2021\/09\/IMG_20210823_215154-min-scaled.jpg\" data-caption-title=\"Mas\u012bva ozola un met\u0101la k\u0101p\u0146u konstrukcija\" data-caption-desc=\"Mas\u012bva ozola pak\u0101pieni un kr\u0101sota met\u0101la k\u0101p\u0146u konstrukcija\" data-attachment-id=\"436\" class=\"fg-thumb\"><span class=\"fg-image-wrap\"><img alt=\"Mas\u012bva ozola un met\u0101la k\u0101p\u0146u konstrukcija\" title=\"Mas\u012bva ozola un met\u0101la k\u0101p\u0146u konstrukcija\" width=\"350\" height=\"350\" class=\"skip-lazy fg-image\" data-src-fg=\"https:\/\/imelh.lv\/wp-content\/uploads\/cache\/2021\/09\/IMG_20210823_215154-min-scaled\/3759738450.jpg\" src=\"data:image\/svg+xml,%3Csvg%20xmlns%3D%22http%3A%2F%2Fwww.w3.org%2F2000%2Fsvg%22%20width%3D%22350%22%20height%3D%22350%22%20viewBox%3D%220%200%20350%20350%22%3E%3C%2Fsvg%3E\"><\/span><span class=\"fg-image-overlay\"><\/span><\/a><figcaption class=\"fg-caption\"><div class=\"fg-caption-inner\"><div class=\"fg-caption-title\">Mas\u012bva ozola un met\u0101la k\u0101p\u0146u konstrukcija<\/div><div class=\"fg-caption-desc\">Massive oak steps and powder coated metal construction<\/div><\/div><\/figcaption><\/figure><div class=\"fg-loader\"><\/div><\/div><div class=\"fg-item fg-type-image fg-idle\"><figure class=\"fg-item-inner\"><a href=\"https:\/\/imelh.lv\/wp-content\/uploads\/2021\/09\/IMELH_sideboard_ash.jpeg\" data-caption-title=\"Kumode\" data-caption-desc=\"Kumode\" data-attachment-id=\"426\" class=\"fg-thumb\"><span class=\"fg-image-wrap\"><img alt=\"Kumode\" title=\"Sideboard\" width=\"350\" height=\"350\" class=\"skip-lazy fg-image\" data-src-fg=\"https:\/\/imelh.lv\/wp-content\/uploads\/cache\/2021\/09\/IMELH_sideboard_ash\/1242839534.jpeg\" src=\"data:image\/svg+xml,%3Csvg%20xmlns%3D%22http%3A%2F%2Fwww.w3.org%2F2000%2Fsvg%22%20width%3D%22350%22%20height%3D%22350%22%20viewBox%3D%220%200%20350%20350%22%3E%3C%2Fsvg%3E\"><\/span><span class=\"fg-image-overlay\"><\/span><\/a><figcaption class=\"fg-caption\"><div class=\"fg-caption-inner\"><div class=\"fg-caption-title\">Sideboard<\/div><div class=\"fg-caption-desc\">Sideboard<\/div><\/div><\/figcaption><\/figure><div class=\"fg-loader\"><\/div><\/div><\/div>\r\n<\/a><\/p>","protected":false},"excerpt":{"rendered":"","protected":false},"author":2,"featured_media":0,"parent":0,"menu_order":0,"comment_status":"closed","ping_status":"closed","template":"","meta":[],"_links":{"self":[{"href":"https:\/\/imelh.lv\/en\/wp-json\/wp\/v2\/pages\/431"}],"collection":[{"href":"https:\/\/imelh.lv\/en\/wp-json\/wp\/v2\/pages"}],"about":[{"href":"https:\/\/imelh.lv\/en\/wp-json\/wp\/v2\/types\/page"}],"author":[{"embeddable":true,"href":"https:\/\/imelh.lv\/en\/wp-json\/wp\/v2\/users\/2"}],"replies":[{"embeddable":true,"href":"https:\/\/imelh.lv\/en\/wp-json\/wp\/v2\/comments?post=431"}],"version-history":[{"count":3,"href":"https:\/\/imelh.lv\/en\/wp-json\/wp\/v2\/pages\/431\/revisions"}],"predecessor-version":[{"id":620,"href":"https:\/\/imelh.lv\/en\/wp-json\/wp\/v2\/pages\/431\/revisions\/620"}],"wp:attachment":[{"href":"https:\/\/imelh.lv\/en\/wp-json\/wp\/v2\/media?parent=431"}],"curies":[{"name":"wp","href":"https:\/\/api.w.org\/{rel}","templated":true}]}}