{"id":39,"date":"2020-04-17T06:01:40","date_gmt":"2020-04-17T06:01:40","guid":{"rendered":"https:\/\/imelh.lv\/?page_id=39"},"modified":"2021-04-27T09:06:27","modified_gmt":"2021-04-27T09:06:27","slug":"kontakti","status":"publish","type":"page","link":"https:\/\/imelh.lv\/en\/kontakti\/","title":{"rendered":"Contacts"},"content":{"rendered":"<p>Jelgava Municipality, Latvia <br>Gl\u016bda Parish, Grantskalni 2<\/p>\n\n\n\n<p>info@imelh.lv<\/p>\n\n\n\n<p>indulis.uskans@imelh.lv<br>+371 29426493<\/p>\n\n\n\n<p><strong>Passion for quality.<\/strong><\/p>\n\n\n\n<p><\/p>","protected":false},"excerpt":{"rendered":"<p>Latvija, Jelgavas novads, Gl\u016bdas pagasts, Grantskalni 2 info@imelh.lv indulis.uskans@imelh.lv+371 29426493 J\u016bsu \u0113rt\u012bb\u0101m, r\u016bp\u0113jamies par J\u016bsu v\u0113rt\u012bb\u0101m.<\/p>","protected":false},"author":1,"featured_media":0,"parent":0,"menu_order":0,"comment_status":"closed","ping_status":"closed","template":"","meta":[],"_links":{"self":[{"href":"https:\/\/imelh.lv\/en\/wp-json\/wp\/v2\/pages\/39"}],"collection":[{"href":"https:\/\/imelh.lv\/en\/wp-json\/wp\/v2\/pages"}],"about":[{"href":"https:\/\/imelh.lv\/en\/wp-json\/wp\/v2\/types\/page"}],"author":[{"embeddable":true,"href":"https:\/\/imelh.lv\/en\/wp-json\/wp\/v2\/users\/1"}],"replies":[{"embeddable":true,"href":"https:\/\/imelh.lv\/en\/wp-json\/wp\/v2\/comments?post=39"}],"version-history":[{"count":6,"href":"https:\/\/imelh.lv\/en\/wp-json\/wp\/v2\/pages\/39\/revisions"}],"predecessor-version":[{"id":128,"href":"https:\/\/imelh.lv\/en\/wp-json\/wp\/v2\/pages\/39\/revisions\/128"}],"wp:attachment":[{"href":"https:\/\/imelh.lv\/en\/wp-json\/wp\/v2\/media?parent=39"}],"curies":[{"name":"wp","href":"https:\/\/api.w.org\/{rel}","templated":true}]}}